{"id":10,"date":"2021-04-06T16:35:01","date_gmt":"2021-04-06T16:35:01","guid":{"rendered":"https:\/\/izglitibas-ab.lv\/anxiety\/?page_id=10"},"modified":"2023-04-16T13:58:43","modified_gmt":"2023-04-16T13:58:43","slug":"project-partners","status":"publish","type":"page","link":"https:\/\/izglitibas-ab.lv\/anxiety\/project-partners\/","title":{"rendered":"Project partners"},"content":{"rendered":"\n<p><a href=\"https:\/\/drive.google.com\/file\/d\/1YohNTg8pVCC6iN5EVte9IlIDuJqdEeqU\/view?usp=sharing\"><strong>SIA Izgl\u012bt\u012bbas atbalsta birojs (IAB)<\/strong><\/a><\/p>\n\n\n\n<p><a href=\"https:\/\/docs.google.com\/presentation\/d\/1etYsR9OFuwwz5Ysm3rQO0qY8JthQHU4h\/edit?usp=drive_web&amp;ouid=105055730720759493134&amp;rtpof=true\"><strong>Mehmet Sinan Dereli Ortaokulu<\/strong><\/a><\/p>\n\n\n\n<p><a href=\"https:\/\/docs.google.com\/presentation\/d\/1nYfhemLfa5T1qeLlJhmBL8BsZxuuWCba\/edit#slide=id.p1\"><strong>Colegio S\u00e9neca S.C.A<\/strong>.<\/a><\/p>\n\n\n\n<p><strong><a href=\"https:\/\/hristijankarposh.jimdofree.com\/?fbclid=IwAR2BdFLfpahYm_nQamV_OFNGbd6P_DCoEelYyRAG7t1GN0K7TwT6dPVcAMk\">OOU &#8220;Hristijan Karposh&#8221;<\/a><\/strong><\/p>\n\n\n\n<p><strong><a href=\"http:\/\/www.azuolynogimnazija.lt\">Klaip\u0117da &#8220;\u0104\u017euolyno&#8221; gymnasium<\/a><\/strong><\/p>\n\n\n\n<p><strong><a href=\"https:\/\/drive.google.com\/file\/d\/19lvj2vw7UYe4Ez3PHdL-9OQ4ioJTWLp9\/view?usp=sharing\">Centrul Judetean de Resurse si Asistenta Educationala Vrancea<\/a><\/strong><\/p>\n\n\n\n<hr class=\"wp-block-separator has-css-opacity\"\/>\n\n\n\n<p><\/p>\n","protected":false},"excerpt":{"rendered":"<p>SIA Izgl\u012bt\u012bbas atbalsta birojs (IAB) Mehmet Sinan Dereli Ortaokulu Colegio S\u00e9neca S.C.A. OOU &#8220;Hristijan Karposh&#8221; Klaip\u0117da &#8220;\u0104\u017euolyno&#8221; gymnasium Centrul Judetean de Resurse si Asistenta Educationala Vrancea<\/p>\n","protected":false},"author":1,"featured_media":0,"parent":0,"menu_order":0,"comment_status":"closed","ping_status":"closed","template":"","meta":{"footnotes":""},"class_list":["post-10","page","type-page","status-publish","hentry","entry"],"_links":{"self":[{"href":"https:\/\/izglitibas-ab.lv\/anxiety\/wp-json\/wp\/v2\/pages\/10","targetHints":{"allow":["GET"]}}],"collection":[{"href":"https:\/\/izglitibas-ab.lv\/anxiety\/wp-json\/wp\/v2\/pages"}],"about":[{"href":"https:\/\/izglitibas-ab.lv\/anxiety\/wp-json\/wp\/v2\/types\/page"}],"author":[{"embeddable":true,"href":"https:\/\/izglitibas-ab.lv\/anxiety\/wp-json\/wp\/v2\/users\/1"}],"replies":[{"embeddable":true,"href":"https:\/\/izglitibas-ab.lv\/anxiety\/wp-json\/wp\/v2\/comments?post=10"}],"version-history":[{"count":9,"href":"https:\/\/izglitibas-ab.lv\/anxiety\/wp-json\/wp\/v2\/pages\/10\/revisions"}],"predecessor-version":[{"id":189,"href":"https:\/\/izglitibas-ab.lv\/anxiety\/wp-json\/wp\/v2\/pages\/10\/revisions\/189"}],"wp:attachment":[{"href":"https:\/\/izglitibas-ab.lv\/anxiety\/wp-json\/wp\/v2\/media?parent=10"}],"curies":[{"name":"wp","href":"https:\/\/api.w.org\/{rel}","templated":true}]}}